{"id":7422,"date":"2023-04-09T11:29:58","date_gmt":"2023-04-09T09:29:58","guid":{"rendered":"https:\/\/old.grancreo.com\/produkty\/herbalgin-chronic\/"},"modified":"2025-05-16T13:06:33","modified_gmt":"2025-05-16T11:06:33","slug":"herbalgin-chronic","status":"publish","type":"product","link":"https:\/\/old.grancreo.com\/cs\/produkty\/herbalgin-chronic\/","title":{"rendered":"HERBALGIN chronic"},"content":{"rendered":"<div class=\"wpb-content-wrapper\"><p>[vc_row][vc_column width=&#8220;1\/4&#8243;]<div class=\"grve-element grve-image grve-align-center grve-full-image grve-image-space-100\" style=\"\">  <div class=\"grve-image-wrapper\"><img fetchpriority=\"high\" decoding=\"async\" width=\"1440\" height=\"1201\" src=\"https:\/\/old.grancreo.com\/wp-content\/uploads\/herbalgin30tbl-nove.png\" class=\"attachment-full size-full\" alt=\"\" srcset=\"https:\/\/old.grancreo.com\/wp-content\/uploads\/herbalgin30tbl-nove.png 1440w, https:\/\/old.grancreo.com\/wp-content\/uploads\/herbalgin30tbl-nove-300x250.png 300w, https:\/\/old.grancreo.com\/wp-content\/uploads\/herbalgin30tbl-nove-1024x854.png 1024w, https:\/\/old.grancreo.com\/wp-content\/uploads\/herbalgin30tbl-nove-768x641.png 768w, https:\/\/old.grancreo.com\/wp-content\/uploads\/herbalgin30tbl-nove-1320x1101.png 1320w, https:\/\/old.grancreo.com\/wp-content\/uploads\/herbalgin30tbl-nove-600x500.png 600w\" sizes=\"(max-width: 1440px) 100vw, 1440px\" \/>   <\/div><\/div><div class=\"grve-empty-space grve-height-2x\" style=\"\"><\/div><div class=\"grve-element grve-align-left\"><a href=\"https:\/\/prepacientov.sk\/obchod\/bolest-klbov-chrbta-ruk-a-svalov\/herbalgin-chronic\/\" target=\"_blank\" rel=\"noopener noreferrer\" class=\"grve-btn grve-btn-small grve-square grve-bg-primary-1 grve-bg-hover-primary-3 grve-fullwidth-btn grve-fluid-btn-short\"><span>K\u00fapi\u0165 v e-shope<\/span><\/a><\/div>[\/vc_column][vc_column width=&#8220;3\/4&#8243;]<h3 class=\"grve-element grve-title grve-align-left grve-h3\" style=\"\"><span><br>\n<h4 class=\"product-title product_title entry-title\">HERBALGIN chronic<\/h4>\n<span class=\"grve-title-line grve-bg-primary-1\" style=\"width: 50px;height: 2px;\"><\/span><\/span><\/h3>[vc_column_text]\u0160pecifick\u00fd v\u00fd\u017eivov\u00fd doplnok s\u00a0obsahom 150 mg urid\u00ednu a\u00a0vitam\u00ednov skupiny B. Prispieva k\u00a0spr\u00e1vnej funkcii nervov\u00e9ho syst\u00e9mu. Vhodn\u00fd pri bolestiach chrbtice, lumbago, \u201evysko\u010denej\u201c medzistavcovej platni\u010dke, neuropati\u00e1ch (diabetick\u00e1, alkoholov\u00e1), syndr\u00f3me karp\u00e1lneho tunela, herpes zoster \u010di \u013eah\u0161ej forme Alzheimerovej choroby. Vhodn\u00fd pri ak\u00fatnych bolestiach.<\/p>\n<p>1 balenie obsahuje: 30 ks po\u0165ahovan\u00fdch tabliet<\/p>\n<p>D\u00e1vkovanie: 1 tableta denne[\/vc_column_text][\/vc_column][\/vc_row][vc_row][vc_column][vc_column_text]<div data-post-id=\"972\" class=\"insert-page insert-page-972 \"><div class=\"wpb-content-wrapper\"><p>[vc_row][vc_column][vc_tta_tabs alignment=&#8220;center&#8220; active_section=&#8220;1&#8243;][vc_tta_section title=&#8220;Prezent\u00e1cia&#8220; tab_id=&#8220;1600337988947-8176fcf7-44db&#8220;][vc_column_text]<div class=\"_df_book df-container df-loading \"  data-slug=\"biocollagenix-2\" data-_slug=\"biocollagenix-2\" _slug=\"biocollagenix-2\" data-title=\"biolevox-neuro-trhacka\" id=\"df_994\" data-df-option=\"df_option_994\" ><\/div><script class=\"df-shortcode-script\" nowprocket type=\"application\/javascript\">window.df_option_994 = {\"source\":\"https:\\\/\\\/old.grancreo.com\\\/wp-content\\\/uploads\\\/biolevox_neuro.pdf\",\"outline\":[],\"backgroundColor\":\"#fff\",\"autoEnableOutline\":false,\"autoEnableThumbnail\":false,\"overwritePDFOutline\":false,\"pageSize\":\"0\",\"direction\":\"1\",\"slug\":\"biocollagenix-2\",\"wpOptions\":\"true\",\"id\":994}; if(window.DFLIP && window.DFLIP.parseBooks){window.DFLIP.parseBooks();}<\/script>[\/vc_column_text][\/vc_tta_section][vc_tta_section title=&#8220;TV spot&#8220; tab_id=&#8220;1596700406123-194ed066-ea9b&#8220;][vc_row_inner][vc_column_inner width=&#8220;1\/4&#8243;][\/vc_column_inner][vc_column_inner width=&#8220;1\/2&#8243;]<video class=\"grve-element grve-embed-video\"  controls><source src=\"https:\/\/old.grancreo.com\/wp-content\/uploads\/PharcoBiolevoxNeuro.mp4\" type=\"video\/mp4\"><\/video>[\/vc_column_inner][vc_column_inner width=&#8220;1\/4&#8243;][\/vc_column_inner][\/vc_row_inner][\/vc_tta_section][\/vc_tta_tabs][\/vc_column][\/vc_row]<\/p>\n<\/div><\/div>[\/vc_column_text][\/vc_column][\/vc_row]<\/p>\n<\/div>","protected":false},"excerpt":{"rendered":"<p>HERBALGIN chronic obsahuje origin\u00e1ln\u00ed bylinnou sm\u011bs t\u0159apatky a ak\u00e1cie v tablet\u00e1ch s postupn\u00fdm uvol\u0148ov\u00e1n\u00edm.<\/p>\n","protected":false},"featured_media":7140,"template":"","meta":{"_seopress_robots_primary_cat":"none","_seopress_titles_title":"","_seopress_titles_desc":"","_seopress_robots_index":"","_sitemap_exclude":false,"_sitemap_priority":"","_sitemap_frequency":""},"product_brand":[],"product_cat":[75,72],"product_tag":[],"class_list":{"0":"post-7422","1":"product","2":"type-product","3":"status-publish","4":"has-post-thumbnail","6":"product_cat-neurologie-a-mentalni-zdravi","7":"product_cat-produkty-frontend-cs","9":"first","10":"instock","11":"shipping-taxable","12":"product-type-external"},"_links":{"self":[{"href":"https:\/\/old.grancreo.com\/cs\/wp-json\/wp\/v2\/product\/7422","targetHints":{"allow":["GET"]}}],"collection":[{"href":"https:\/\/old.grancreo.com\/cs\/wp-json\/wp\/v2\/product"}],"about":[{"href":"https:\/\/old.grancreo.com\/cs\/wp-json\/wp\/v2\/types\/product"}],"wp:featuredmedia":[{"embeddable":true,"href":"https:\/\/old.grancreo.com\/cs\/wp-json\/wp\/v2\/media\/7140"}],"wp:attachment":[{"href":"https:\/\/old.grancreo.com\/cs\/wp-json\/wp\/v2\/media?parent=7422"}],"wp:term":[{"taxonomy":"product_brand","embeddable":true,"href":"https:\/\/old.grancreo.com\/cs\/wp-json\/wp\/v2\/product_brand?post=7422"},{"taxonomy":"product_cat","embeddable":true,"href":"https:\/\/old.grancreo.com\/cs\/wp-json\/wp\/v2\/product_cat?post=7422"},{"taxonomy":"product_tag","embeddable":true,"href":"https:\/\/old.grancreo.com\/cs\/wp-json\/wp\/v2\/product_tag?post=7422"}],"curies":[{"name":"wp","href":"https:\/\/api.w.org\/{rel}","templated":true}]}}