{"id":8953,"date":"2024-11-18T09:44:44","date_gmt":"2024-11-18T08:44:44","guid":{"rendered":"https:\/\/old.grancreo.com\/?page_id=8953"},"modified":"2024-11-18T09:47:47","modified_gmt":"2024-11-18T08:47:47","slug":"kariera-2","status":"publish","type":"page","link":"https:\/\/old.grancreo.com\/cs\/kariera\/","title":{"rendered":"Kari\u00e9ra"},"content":{"rendered":"\n<h2 class=\"wp-block-heading has-text-align-center\"><strong>Roz\u0161i\u0159ujeme team pharco<\/strong><\/h2>\n\n\n\n<h2 class=\"wp-block-heading\"><strong>Medic\u00ednsky reprezentant Praha<\/strong><\/h2>\n\n\n\n<p><strong>Mzdov\u00e9 podm\u00ednky (brutto)<\/strong> 45 000 K\u010d\/m\u011bs\u00edc dohodou podle zku\u0161enost\u00ed, bonusy podle v\u00fdsledk\u016f<\/p>\n\n\n\n<p><strong>Term\u00edn n\u00e1stupu<\/strong> 1.12.2024<\/p>\n\n\n\n<p><strong>N\u00e1pl\u0148 pr\u00e1ce, pravomoci a zodpov\u011bdnosti<\/strong>: odpov\u011bdnost za sv\u011b\u0159en\u00e9 porfolio v regionu, n\u00e1v\u0161t\u011bvy l\u00e9ka\u0159e, l\u00e9k\u00e1ren, semin\u00e1\u0159e, reportov\u00e1n\u00ed, pr\u00e1ce vy\u017eaduje cestov\u00e1n\u00ed, fokus na predaj zdravotn\u00edckych pom\u00f4cok<\/p>\n\n\n\n<p><strong>Zam\u011bstnaneck\u00e9 v\u00fdhody, benefity<\/strong>: auto pro soukrom\u00e9 pou\u017eit\u00ed, dovolen\u00e1 nav\u00edc<\/p>\n\n\n\n<p><strong>Informace o n\u00e1boru<\/strong>: vhodn\u00fd kandid\u00e1t je samostatn\u00fd, systematick\u00fd, orientovan\u00fd na c\u00edl (prodej), zku\u0161en\u00fd \u0159idi\u010d, kter\u00fd r\u00e1d cestuje, nepodl\u00e9h\u00e1 panice, zvl\u00e1d\u00e1 stres, schopn\u00fd vyjednava\u010d<\/p>\n\n\n\n<p><strong>Viac inform\u00e1ci\u00ed o pracovnej poz\u00edci\u00ed n\u00e1jdete na <a href=\"https:\/\/www.profesia.sk\/praca\/pharco\/O4106689\">https:\/\/www.profesia.sk\/praca\/pharco\/O4106689<\/a><\/strong><\/p>\n","protected":false},"excerpt":{"rendered":"<p>Roz\u0161i\u0159ujeme team pharco Medic\u00ednsky reprezentant Praha Mzdov\u00e9 podm\u00ednky (brutto) 45 000 K\u010d\/m\u011bs\u00edc dohodou podle zku\u0161enost\u00ed, bonusy podle v\u00fdsledk\u016f Term\u00edn n\u00e1stupu 1.12.2024 N\u00e1pl\u0148 pr\u00e1ce, pravomoci a zodpov\u011bdnosti: odpov\u011bdnost za sv\u011b\u0159en\u00e9 porfolio v regionu, n\u00e1v\u0161t\u011bvy l\u00e9ka\u0159e, l\u00e9k\u00e1ren, semin\u00e1\u0159e, reportov\u00e1n\u00ed, pr\u00e1ce vy\u017eaduje cestov\u00e1n\u00ed, fokus na predaj zdravotn\u00edckych pom\u00f4cok Zam\u011bstnaneck\u00e9 v\u00fdhody, benefity: auto pro soukrom\u00e9 pou\u017eit\u00ed, dovolen\u00e1 nav\u00edc Informace [&hellip;]<\/p>\n","protected":false},"author":3,"featured_media":0,"parent":0,"menu_order":0,"comment_status":"closed","ping_status":"closed","template":"","meta":{"_seopress_robots_primary_cat":"","_seopress_titles_title":"","_seopress_titles_desc":"","_seopress_robots_index":"","_sitemap_exclude":false,"_sitemap_priority":"","_sitemap_frequency":"","footnotes":""},"class_list":["post-8953","page","type-page","status-publish","hentry"],"_links":{"self":[{"href":"https:\/\/old.grancreo.com\/cs\/wp-json\/wp\/v2\/pages\/8953","targetHints":{"allow":["GET"]}}],"collection":[{"href":"https:\/\/old.grancreo.com\/cs\/wp-json\/wp\/v2\/pages"}],"about":[{"href":"https:\/\/old.grancreo.com\/cs\/wp-json\/wp\/v2\/types\/page"}],"author":[{"embeddable":true,"href":"https:\/\/old.grancreo.com\/cs\/wp-json\/wp\/v2\/users\/3"}],"replies":[{"embeddable":true,"href":"https:\/\/old.grancreo.com\/cs\/wp-json\/wp\/v2\/comments?post=8953"}],"version-history":[{"count":2,"href":"https:\/\/old.grancreo.com\/cs\/wp-json\/wp\/v2\/pages\/8953\/revisions"}],"predecessor-version":[{"id":8962,"href":"https:\/\/old.grancreo.com\/cs\/wp-json\/wp\/v2\/pages\/8953\/revisions\/8962"}],"wp:attachment":[{"href":"https:\/\/old.grancreo.com\/cs\/wp-json\/wp\/v2\/media?parent=8953"}],"curies":[{"name":"wp","href":"https:\/\/api.w.org\/{rel}","templated":true}]}}