{"id":4682,"date":"2020-08-04T10:41:45","date_gmt":"2020-08-04T08:41:45","guid":{"rendered":"https:\/\/old.grancreo.com\/promo-zona-cz\/"},"modified":"2025-02-07T10:28:13","modified_gmt":"2025-02-07T09:28:13","slug":"promo-zona-cz","status":"publish","type":"page","link":"https:\/\/old.grancreo.com\/cs\/promo-zona-cz\/","title":{"rendered":"Promo z\u00f3na CZ"},"content":{"rendered":"\t\t<div data-elementor-type=\"wp-page\" data-elementor-id=\"4682\" class=\"elementor elementor-4682 elementor-348\" data-elementor-post-type=\"page\">\n\t\t\t\t\t\t<section class=\"elementor-section elementor-top-section elementor-element elementor-element-26a54ff jedv-enabled--yes elementor-section-height-min-height elementor-section-boxed elementor-section-height-default elementor-section-items-middle\" data-id=\"26a54ff\" data-element_type=\"section\" data-e-type=\"section\">\n\t\t\t\t\t\t<div class=\"elementor-container elementor-column-gap-default\">\n\t\t\t\t\t<div class=\"elementor-column elementor-col-100 elementor-top-column elementor-element elementor-element-115097c\" data-id=\"115097c\" data-element_type=\"column\" data-e-type=\"column\">\n\t\t\t<div class=\"elementor-widget-wrap elementor-element-populated\">\n\t\t\t\t\t\t<div class=\"elementor-element elementor-element-e28f814 elementor-widget elementor-widget-heading\" data-id=\"e28f814\" data-element_type=\"widget\" data-e-type=\"widget\" data-widget_type=\"heading.default\">\n\t\t\t\t\t<h2 class=\"elementor-heading-title elementor-size-default\">Pro p\u0159\u00edstup do klientsk\u00e9 z\u00f3ny je pot\u0159ebn\u00e9 p\u0159ihl\u00e1\u0161en\u00ed.<\/h2>\t\t\t\t<\/div>\n\t\t\t\t<div class=\"elementor-element elementor-element-1ece34b elementor-widget elementor-widget-shortcode\" data-id=\"1ece34b\" data-element_type=\"widget\" data-e-type=\"widget\" data-widget_type=\"shortcode.default\">\n\t\t\t\t\t\t\t<div class=\"elementor-shortcode\"><!-- LRMDD\n-->\n<div class=\"lrm-main lrm-font-material lrm-is-font lrm-inline is-visible lrm-btn-style--default\" >\n    <!--<div class=\"lrm-user-modal\" style=\"visibility: hidden;\">  this is the entire modal form, including the background -->\n\n    <div class=\"lrm-user-modal-container\"> <!-- this is the container wrapper -->\n        <div class=\"lrm-user-modal-container-inner\"> <!-- this is the container wrapper -->\n\n            <div class=\"lrm-signin-section is-selected\"> <!-- log in form -->\n\t<form class=\"lrm-form js-lrm-form\" action=\"#0\" data-action=\"login\">\n        <div class=\"lrm-fieldset-wrap\">\n\n            <div class=\"lrm-integrations lrm-integrations--login\">\n                            <\/div>\n\n            <p class=\"lrm-form-message lrm-form-message--init\"><\/p>\n\n            <div class=\"fieldset\">\n                                <label class=\"image-replace lrm-email lrm-ficon-mail\" title=\"E-mail alebo pou\u017e\u00edvate\u013esk\u00e9 meno\"><\/label>\n                <input name=\"username\" class=\"full-width has-padding has-border\" type=\"text\" aria-label=\"E-mail alebo pou\u017e\u00edvate\u013esk\u00e9 meno\" placeholder=\"E-mail alebo pou\u017e\u00edvate\u013esk\u00e9 meno\" required value=\"\" autocomplete=\"username\" data-autofocus=\"1\">\n                <span class=\"lrm-error-message\"><\/span>\n            <\/div>\n\n            <div class=\"fieldset\">\n                                <label class=\"image-replace lrm-password lrm-ficon-key\" title=\"Heslo\"><\/label>\n                <input name=\"password\" class=\"full-width has-padding has-border\" type=\"password\" aria-label=\"Heslo\" placeholder=\"Heslo\" required value=\"\">\n                <span class=\"lrm-error-message\"><\/span>\n                                    <span class=\"hide-password lrm-ficon-eye\" data-show=\"Zobrazi\u0165\" data-hide=\"Skry\u0165\" aria-label=\"Zobrazi\u0165\"><\/span>\n                            <\/div>\n\n            <div class=\"fieldset\">\n                                    <label class=\"lrm-nice-checkbox__label lrm-remember-me-checkbox\">Zapam\u00e4ta\u0165 si ma                        <input type=\"checkbox\" class=\"lrm-nice-checkbox lrm-remember-me\" name=\"remember-me\" checked>\n                        <div class=\"lrm-nice-checkbox__indicator\"><\/div>\n                    <\/label>\n                            <\/div>\n\n            <div class=\"lrm-integrations lrm-integrations--login lrm-integrations-before-btn\">\n                                            <\/div>\n\n            <div class=\"lrm-integrations-otp\"><\/div>\n\n        <\/div>\n\n\t\t<div class=\"fieldset fieldset--submit fieldset--default\">\n\t\t\t<button class=\"full-width has-padding\" type=\"submit\">\n\t\t\t\tPrihl\u00e1si\u0165 sa\t\t\t<\/button>\n\t\t<\/div>\n\n        <div class=\"lrm-fieldset-wrap\">\n            <div class=\"lrm-integrations lrm-integrations--login\">\n                            <\/div>\n        <\/div>\n\n\t\t<input type=\"hidden\" name=\"redirect_to\" value=\"\">\n\t\t<input type=\"hidden\" name=\"lrm_action\" value=\"login\">\n\t\t<input type=\"hidden\" name=\"wp-submit\" value=\"1\">\n\t\t<!-- Fix for Eduma WP theme-->\n\t\t<input type=\"hidden\" name=\"lp-ajax\" value=\"login\">\n\n\t\t<input type=\"hidden\" id=\"security-login\" name=\"security-login\" value=\"3f9db728f8\" \/><input type=\"hidden\" name=\"_wp_http_referer\" value=\"\/cs\/wp-json\/wp\/v2\/pages\/4682\" \/>\n\t\t<!-- For Invisible Recaptcha plugin -->\n\t\t<span class=\"wpcf7-submit\" style=\"display: none;\"><\/span>\n\t<\/form>\n\n\t<p class=\"lrm-form-bottom-message\"><a href=\"#0\" class=\"lrm-switch-to--reset-password\">Zabudli ste heslo?<\/a><\/p>\n\t<!-- <a href=\"#0\" class=\"lrm-close-form\">Close<\/a> -->\n<\/div> <!-- lrm-login --><div class=\"lrm-reset-password-section \"> <!-- reset password form -->\n\t<form class=\"lrm-form js-lrm-form\" action=\"#0\" data-action=\"lost-password\">\n\n        <div class=\"lrm-fieldset-wrap\">\n            <p class=\"lrm-form-message\">Zabudli ste heslo? Zadajte pros\u00edm svoju e-mailov\u00fa adresu. Na zadan\u00fa e-mailov\u00fa adresu po\u0161leme odkaz na nastavenie nov\u00e9ho hesla.<\/p>\n\n            <div class=\"fieldset\">\n                                <label class=\"image-replace lrm-email lrm-ficon-mail\" title=\"E-mail alebo pou\u017e\u00edvate\u013esk\u00e9 meno\"><\/label>\n                <input class=\"full-width has-padding has-border\" name=\"user_login\" type=\"text\" required placeholder=\"E-mail alebo pou\u017e\u00edvate\u013esk\u00e9 meno\" data-autofocus=\"1\" aria-label=\"E-mail alebo pou\u017e\u00edvate\u013esk\u00e9 meno\">\n                <span class=\"lrm-error-message\"><\/span>\n            <\/div>\n\n            <div class=\"lrm-integrations lrm-integrations--reset-pass\">\n                            <\/div>\n\n            <input type=\"hidden\" name=\"lrm_action\" value=\"lostpassword\">\n            <input type=\"hidden\" name=\"wp-submit\" value=\"1\">\n            <input type=\"hidden\" id=\"security-lostpassword\" name=\"security-lostpassword\" value=\"dfb3f01e42\" \/><input type=\"hidden\" name=\"_wp_http_referer\" value=\"\/cs\/wp-json\/wp\/v2\/pages\/4682\" \/>\n        <\/div>\n\n\t\t<div class=\"fieldset fieldset--submit fieldset--default\">\n\t\t\t<button class=\"full-width has-padding\" type=\"submit\">\n\t\t\t\tObnovi\u0165 heslo\t\t\t<\/button>\n\t\t<\/div>\n\t\t<!-- For Invisible Recaptcha plugin -->\n\t\t<span class=\"wpcf7-submit\" style=\"display: none;\"><\/span>\n\n\t<\/form>\n\n\t<p class=\"lrm-form-bottom-message\"><a href=\"#0\" class=\"lrm-switch-to--login\">Sp\u00e4\u0165 na prihl\u00e1senie<\/a><\/p>\n<\/div> <!-- lrm-reset-password -->\n        <\/div> <!-- lrm-user-modal-container -->\n        <a href=\"#0\" class=\"lrm-close-form\" title=\"zavrie\u0165\">\n            <span class=\"lrm-ficon-close\"><\/span>\n        <\/a>\n\n    <\/div> <!-- lrm-user-modal-container -->\n\n<\/div> <!-- lrm-user-modal --><\/div>\n\t\t\t\t\t\t<\/div>\n\t\t\t\t\t<\/div>\n\t\t<\/div>\n\t\t\t\t\t<\/div>\n\t\t<\/section>\n\t\t\t\t<\/div>\n\t\t","protected":false},"excerpt":{"rendered":"<p>Pro p\u0159\u00edstup do klientsk\u00e9 z\u00f3ny je pot\u0159ebn\u00e9 p\u0159ihl\u00e1\u0161en\u00ed. Firemn\u00ed novinky Fotografie ze \u017eivota firmy No data was found<\/p>\n","protected":false},"author":1,"featured_media":4269,"parent":0,"menu_order":0,"comment_status":"closed","ping_status":"closed","template":"elementor_canvas","meta":{"_seopress_robots_primary_cat":"","_seopress_titles_title":"","_seopress_titles_desc":"","_seopress_robots_index":"","_sitemap_exclude":false,"_sitemap_priority":"","_sitemap_frequency":"","footnotes":""},"class_list":["post-4682","page","type-page","status-publish","has-post-thumbnail","hentry"],"_links":{"self":[{"href":"https:\/\/old.grancreo.com\/cs\/wp-json\/wp\/v2\/pages\/4682","targetHints":{"allow":["GET"]}}],"collection":[{"href":"https:\/\/old.grancreo.com\/cs\/wp-json\/wp\/v2\/pages"}],"about":[{"href":"https:\/\/old.grancreo.com\/cs\/wp-json\/wp\/v2\/types\/page"}],"author":[{"embeddable":true,"href":"https:\/\/old.grancreo.com\/cs\/wp-json\/wp\/v2\/users\/1"}],"replies":[{"embeddable":true,"href":"https:\/\/old.grancreo.com\/cs\/wp-json\/wp\/v2\/comments?post=4682"}],"version-history":[{"count":10,"href":"https:\/\/old.grancreo.com\/cs\/wp-json\/wp\/v2\/pages\/4682\/revisions"}],"predecessor-version":[{"id":9409,"href":"https:\/\/old.grancreo.com\/cs\/wp-json\/wp\/v2\/pages\/4682\/revisions\/9409"}],"wp:featuredmedia":[{"embeddable":true,"href":"https:\/\/old.grancreo.com\/cs\/wp-json\/wp\/v2\/media\/4269"}],"wp:attachment":[{"href":"https:\/\/old.grancreo.com\/cs\/wp-json\/wp\/v2\/media?parent=4682"}],"curies":[{"name":"wp","href":"https:\/\/api.w.org\/{rel}","templated":true}]}}